{"id":93,"date":"2024-09-11T12:42:01","date_gmt":"2024-09-11T10:42:01","guid":{"rendered":"https:\/\/mayabricks.com\/?page_id=93"},"modified":"2024-09-11T14:15:57","modified_gmt":"2024-09-11T12:15:57","slug":"impresszum","status":"publish","type":"page","link":"https:\/\/mayabricks.com\/hu\/impresszum\/","title":{"rendered":"Impresszum"},"content":{"rendered":"<p>[et_pb_section fb_built=&#8221;1&#8243; _builder_version=&#8221;4.27.0&#8243; _module_preset=&#8221;default&#8221; background_color=&#8221;gcid-54293b42-23fd-49a6-a178-cda7402f501c&#8221; custom_padding=&#8221;15px||10px||false|false&#8221; global_colors_info=&#8221;{%22gcid-54293b42-23fd-49a6-a178-cda7402f501c%22:%91%22background_color%22%93}&#8221;][et_pb_row _builder_version=&#8221;4.27.0&#8243; _module_preset=&#8221;default&#8221; global_colors_info=&#8221;{}&#8221;][et_pb_column type=&#8221;4_4&#8243; _builder_version=&#8221;4.27.0&#8243; _module_preset=&#8221;default&#8221; global_colors_info=&#8221;{}&#8221;][et_pb_text _builder_version=&#8221;4.27.0&#8243; _module_preset=&#8221;00bea7f2-e244-4255-af49-e413da291d03&#8243; header_text_color=&#8221;#FFFFFF&#8221; global_colors_info=&#8221;{}&#8221;]<\/p>\n<h1>Impresszum<\/h1>\n<p>[\/et_pb_text][\/et_pb_column][\/et_pb_row][\/et_pb_section][et_pb_section fb_built=&#8221;1&#8243; _builder_version=&#8221;4.27.0&#8243; _module_preset=&#8221;default&#8221; custom_padding=&#8221;21px|||||&#8221; global_colors_info=&#8221;{}&#8221;][et_pb_row _builder_version=&#8221;4.27.0&#8243; _module_preset=&#8221;default&#8221; global_colors_info=&#8221;{}&#8221;][et_pb_column type=&#8221;4_4&#8243; _builder_version=&#8221;4.27.0&#8243; _module_preset=&#8221;default&#8221; global_colors_info=&#8221;{}&#8221;][dvmd_table_maker tbl_column_header_count=&#8221;0&#8243; tbl_rhead_cell_color=&#8221;gcid-0e5553c5-e7ae-4e70-b22f-c9324d63dae1&#8243; _builder_version=&#8221;4.27.0&#8243; _module_preset=&#8221;default&#8221; tbl_tcell_text_font=&#8221;Quicksand|600|||||||&#8221; tbl_tcell_text_font_size=&#8221;18px&#8221; tbl_chead_text_font=&#8221;Quicksand|700|||||||&#8221; tbl_chead_text_font_size=&#8221;20px&#8221; tbl_rhead_text_font_size=&#8221;20px&#8221; hover_enabled=&#8221;0&#8243; global_colors_info=&#8221;{%22gcid-0e5553c5-e7ae-4e70-b22f-c9324d63dae1%22:%91%22tbl_rhead_cell_color%22%93}&#8221; sticky_enabled=&#8221;0&#8243;][dvmd_table_maker_item col_content=&#8221;Company name<br \/>\nSz\u00e9khely<br \/>\nTelefonsz\u00e1munk<br \/>\nE-mail c\u00edm<br \/>\nAd\u00f3sz\u00e1m<br \/>\nC\u00e9gjegyz\u00e9ksz\u00e1m<br \/>\nBanksz\u00e1mlasz\u00e1m<br \/>\nIBAN<br \/>\nSWIFT&#8221; _builder_version=&#8221;4.27.0&#8243; _module_preset=&#8221;default&#8221; global_colors_info=&#8221;{}&#8221;][\/dvmd_table_maker_item][dvmd_table_maker_item col_content=&#8221;Evonit Consulting Kft.<br \/>\nHungary, 6500 Baja, Szegedi \u00fat 35.<br \/>\n<a href=\"\/hu\/%22tel:+36703285391%22\/\">+36-70-328-5391<\/a><br \/>\n<a href=\"\/hu\/%22mailto:info@evonit.hu%22\/\">info@evonit.hu<\/a><br \/>\n25753798-2-03<br \/>\n03-09-129962<br \/>\nOTP Bank 11746108-21323533<br \/>\nHU50117461082132353300000000<br \/>\nOTPVHUHB&#8221; _builder_version=&#8221;4.27.0&#8243; _module_preset=&#8221;default&#8221; hover_enabled=&#8221;0&#8243; global_colors_info=&#8221;{}&#8221; sticky_enabled=&#8221;0&#8243;][\/dvmd_table_maker_item][\/dvmd_table_maker][\/et_pb_column][\/et_pb_row][\/et_pb_section]<\/p>","protected":false},"excerpt":{"rendered":"<p>Impresszum<div class=\"et_pb_module dvmd_table_maker dvmd_table_maker_0 dvmd_tm_version_3_2_0\">\n\t\t\t\t\n\t\t\t\t\n\t\t\t\t\n\t\t\t\t\n\t\t\t\t\n\t\t\t\t\n\t\t\t\t<div class=\"et_pb_module_inner\">\n\t\t\t\t\t<div\n                    role=\"table\"\n                    class=\"dvmd_tm_table dvmd_preload dvmd_tm_max_width_980 dvmd_tm_breakby_column dvmd_tm_blocks\"\n                    \n                    \n                    aria-rowcount=\"2\"\n                    aria-colcount=\"1\">\n                        <div class=\"dvmd_tm_tblock dvmd_tm_tblock_0 dvmd_tm_cblock\" role=\"rowgroup\">\n                        <div class=\"dvmd_tm_trow dvmd_tm_trow_0\" role=\"row\" aria-rowindex=\"1\"><div aria-colindex=\"1\" aria-rowindex=\"1\" role=\"columnheader\" class=\"dvmd_table_maker_item_0 dvmd_tm_tcell dvmd_tm_rhead dvmd_tm_col_0 dvmd_tm_row_0 dvmd_tm_col_first dvmd_tm_row_first dvmd_tm_col_odd dvmd_tm_row_odd\"><div class=\"dvmd_tm_cdata\">Company name Headquarters Phone number E-mail address VAT number Company registration number Bank account number IBAN SWIFT<\/div><\/div>\n<\/div><div class=\"dvmd_tm_trow dvmd_tm_trow_1\" role=\"row\" aria-rowindex=\"2\"><div aria-colindex=\"1\" aria-rowindex=\"2\" role=\"cell\" class=\"dvmd_table_maker_item_1 dvmd_tm_tcell dvmd_tm_tdata dvmd_tm_col_1 dvmd_tm_row_0 dvmd_tm_col_last dvmd_tm_row_first dvmd_tm_col_even dvmd_tm_row_odd\"><div class=\"dvmd_tm_cdata\">Evonit Consulting Kft. Hungary, 6500 Baja, Szegedi &uacute;t 35. +36-70-328-5391 info@evonit.hu 25753798-2-03 03-09-129962 OTP Bank 11746108-21323533 HU50117461082132353300000000 OTPVHUHB<\/div><\/div>\n<\/div>\n                    <\/div>\n                <\/div>\n\t\t\t\t<\/div>\n\t\t\t<\/div><\/p>","protected":false},"author":1,"featured_media":0,"parent":0,"menu_order":0,"comment_status":"closed","ping_status":"closed","template":"","meta":{"_et_pb_use_builder":"on","_et_pb_old_content":"","_et_gb_content_width":"","footnotes":""},"class_list":["post-93","page","type-page","status-publish","hentry"],"yoast_head":"<!-- This site is optimized with the Yoast SEO plugin v26.5 - https:\/\/yoast.com\/wordpress\/plugins\/seo\/ -->\n<title>Impresszum - MayaBricks<\/title>\n<meta name=\"robots\" content=\"index, follow, max-snippet:-1, max-image-preview:large, max-video-preview:-1\" \/>\n<link rel=\"canonical\" href=\"https:\/\/mayabricks.com\/hu\/impresszum\/\" \/>\n<meta property=\"og:locale\" content=\"hu_HU\" \/>\n<meta property=\"og:type\" content=\"article\" \/>\n<meta property=\"og:title\" content=\"Impresszum - MayaBricks\" \/>\n<meta property=\"og:description\" content=\"Impressum\" \/>\n<meta property=\"og:url\" content=\"https:\/\/mayabricks.com\/hu\/impresszum\/\" \/>\n<meta property=\"og:site_name\" content=\"MayaBricks\" \/>\n<meta property=\"article:publisher\" content=\"https:\/\/www.facebook.com\/evonitsoftware\" \/>\n<meta property=\"article:modified_time\" content=\"2024-09-11T12:15:57+00:00\" \/>\n<meta name=\"twitter:card\" content=\"summary_large_image\" \/>\n<meta name=\"twitter:label1\" content=\"Becs\u00fclt olvas\u00e1si id\u0151\" \/>\n\t<meta name=\"twitter:data1\" content=\"2 perc\" \/>\n<script type=\"application\/ld+json\" class=\"yoast-schema-graph\">{\"@context\":\"https:\/\/schema.org\",\"@graph\":[{\"@type\":\"WebPage\",\"@id\":\"https:\/\/mayabricks.com\/impresszum\/\",\"url\":\"https:\/\/mayabricks.com\/impresszum\/\",\"name\":\"Impresszum - MayaBricks\",\"isPartOf\":{\"@id\":\"https:\/\/mayabricks.com\/#website\"},\"datePublished\":\"2024-09-11T10:42:01+00:00\",\"dateModified\":\"2024-09-11T12:15:57+00:00\",\"breadcrumb\":{\"@id\":\"https:\/\/mayabricks.com\/impresszum\/#breadcrumb\"},\"inLanguage\":\"hu\",\"potentialAction\":[{\"@type\":\"ReadAction\",\"target\":[\"https:\/\/mayabricks.com\/impresszum\/\"]}]},{\"@type\":\"BreadcrumbList\",\"@id\":\"https:\/\/mayabricks.com\/impresszum\/#breadcrumb\",\"itemListElement\":[{\"@type\":\"ListItem\",\"position\":1,\"name\":\"Kezd\u0151lap\",\"item\":\"https:\/\/mayabricks.com\/\"},{\"@type\":\"ListItem\",\"position\":2,\"name\":\"Impresszum\"}]},{\"@type\":\"WebSite\",\"@id\":\"https:\/\/mayabricks.com\/#website\",\"url\":\"https:\/\/mayabricks.com\/\",\"name\":\"MayaBricks\",\"description\":\"Logistics IT solutions\",\"publisher\":{\"@id\":\"https:\/\/mayabricks.com\/#organization\"},\"potentialAction\":[{\"@type\":\"SearchAction\",\"target\":{\"@type\":\"EntryPoint\",\"urlTemplate\":\"https:\/\/mayabricks.com\/?s={search_term_string}\"},\"query-input\":{\"@type\":\"PropertyValueSpecification\",\"valueRequired\":true,\"valueName\":\"search_term_string\"}}],\"inLanguage\":\"hu\"},{\"@type\":\"Organization\",\"@id\":\"https:\/\/mayabricks.com\/#organization\",\"name\":\"MayaBricks\",\"url\":\"https:\/\/mayabricks.com\/\",\"logo\":{\"@type\":\"ImageObject\",\"inLanguage\":\"hu\",\"@id\":\"https:\/\/mayabricks.com\/#\/schema\/logo\/image\/\",\"url\":\"https:\/\/mayabricks.com\/wp-content\/uploads\/2024\/09\/MayaBricks-logo.png\",\"contentUrl\":\"https:\/\/mayabricks.com\/wp-content\/uploads\/2024\/09\/MayaBricks-logo.png\",\"width\":636,\"height\":702,\"caption\":\"MayaBricks\"},\"image\":{\"@id\":\"https:\/\/mayabricks.com\/#\/schema\/logo\/image\/\"},\"sameAs\":[\"https:\/\/www.facebook.com\/evonitsoftware\",\"https:\/\/hu.linkedin.com\/company\/evonit-software\"]}]}<\/script>\n<!-- \/ Yoast SEO plugin. -->","yoast_head_json":{"title":"Impresszum - MayaBricks","robots":{"index":"index","follow":"follow","max-snippet":"max-snippet:-1","max-image-preview":"max-image-preview:large","max-video-preview":"max-video-preview:-1"},"canonical":"https:\/\/mayabricks.com\/hu\/impresszum\/","og_locale":"hu_HU","og_type":"article","og_title":"Impresszum - MayaBricks","og_description":"Impressum","og_url":"https:\/\/mayabricks.com\/hu\/impresszum\/","og_site_name":"MayaBricks","article_publisher":"https:\/\/www.facebook.com\/evonitsoftware","article_modified_time":"2024-09-11T12:15:57+00:00","twitter_card":"summary_large_image","twitter_misc":{"Becs\u00fclt olvas\u00e1si id\u0151":"2 perc"},"schema":{"@context":"https:\/\/schema.org","@graph":[{"@type":"WebPage","@id":"https:\/\/mayabricks.com\/impresszum\/","url":"https:\/\/mayabricks.com\/impresszum\/","name":"Impresszum - MayaBricks","isPartOf":{"@id":"https:\/\/mayabricks.com\/#website"},"datePublished":"2024-09-11T10:42:01+00:00","dateModified":"2024-09-11T12:15:57+00:00","breadcrumb":{"@id":"https:\/\/mayabricks.com\/impresszum\/#breadcrumb"},"inLanguage":"hu","potentialAction":[{"@type":"ReadAction","target":["https:\/\/mayabricks.com\/impresszum\/"]}]},{"@type":"BreadcrumbList","@id":"https:\/\/mayabricks.com\/impresszum\/#breadcrumb","itemListElement":[{"@type":"ListItem","position":1,"name":"Kezd\u0151lap","item":"https:\/\/mayabricks.com\/"},{"@type":"ListItem","position":2,"name":"Impresszum"}]},{"@type":"WebSite","@id":"https:\/\/mayabricks.com\/#website","url":"https:\/\/mayabricks.com\/","name":"MayaBricks","description":"Logisztikai IT megold\u00e1sok","publisher":{"@id":"https:\/\/mayabricks.com\/#organization"},"potentialAction":[{"@type":"SearchAction","target":{"@type":"EntryPoint","urlTemplate":"https:\/\/mayabricks.com\/?s={search_term_string}"},"query-input":{"@type":"PropertyValueSpecification","valueRequired":true,"valueName":"search_term_string"}}],"inLanguage":"hu"},{"@type":"Organization","@id":"https:\/\/mayabricks.com\/#organization","name":"MayaBricks","url":"https:\/\/mayabricks.com\/","logo":{"@type":"ImageObject","inLanguage":"hu","@id":"https:\/\/mayabricks.com\/#\/schema\/logo\/image\/","url":"https:\/\/mayabricks.com\/wp-content\/uploads\/2024\/09\/MayaBricks-logo.png","contentUrl":"https:\/\/mayabricks.com\/wp-content\/uploads\/2024\/09\/MayaBricks-logo.png","width":636,"height":702,"caption":"MayaBricks"},"image":{"@id":"https:\/\/mayabricks.com\/#\/schema\/logo\/image\/"},"sameAs":["https:\/\/www.facebook.com\/evonitsoftware","https:\/\/hu.linkedin.com\/company\/evonit-software"]}]}},"_links":{"self":[{"href":"https:\/\/mayabricks.com\/hu\/wp-json\/wp\/v2\/pages\/93","targetHints":{"allow":["GET"]}}],"collection":[{"href":"https:\/\/mayabricks.com\/hu\/wp-json\/wp\/v2\/pages"}],"about":[{"href":"https:\/\/mayabricks.com\/hu\/wp-json\/wp\/v2\/types\/page"}],"author":[{"embeddable":true,"href":"https:\/\/mayabricks.com\/hu\/wp-json\/wp\/v2\/users\/1"}],"replies":[{"embeddable":true,"href":"https:\/\/mayabricks.com\/hu\/wp-json\/wp\/v2\/comments?post=93"}],"version-history":[{"count":9,"href":"https:\/\/mayabricks.com\/hu\/wp-json\/wp\/v2\/pages\/93\/revisions"}],"predecessor-version":[{"id":399,"href":"https:\/\/mayabricks.com\/hu\/wp-json\/wp\/v2\/pages\/93\/revisions\/399"}],"wp:attachment":[{"href":"https:\/\/mayabricks.com\/hu\/wp-json\/wp\/v2\/media?parent=93"}],"curies":[{"name":"wp","href":"https:\/\/api.w.org\/{rel}","templated":true}]}}